{"id":723,"date":"2019-05-19T19:03:13","date_gmt":"2019-05-19T19:03:13","guid":{"rendered":"https:\/\/www.castle-bourscheid.lu\/wp5\/uber-uns-copy\/"},"modified":"2025-04-07T08:23:52","modified_gmt":"2025-04-07T06:23:52","slug":"sur-nous","status":"publish","type":"page","link":"https:\/\/www.castle-bourscheid.lu\/wp5\/fr\/sur-nous\/","title":{"rendered":"Qui sommes nous?"},"content":{"rendered":"\t\t<div data-elementor-type=\"wp-post\" data-elementor-id=\"723\" class=\"elementor elementor-723\" data-elementor-settings=\"[]\">\n\t\t\t\t\t\t<div class=\"elementor-inner\">\n\t\t\t\t\t\t\t<div class=\"elementor-section-wrap\">\n\t\t\t\t\t\t\t<section class=\"elementor-section elementor-top-section elementor-element elementor-element-60fc1f3 elementor-section-boxed elementor-section-height-default elementor-section-height-default\" data-id=\"60fc1f3\" data-element_type=\"section\">\n\t\t\t\t\t\t<div class=\"elementor-container elementor-column-gap-default\">\n\t\t\t\t\t\t\t<div class=\"elementor-row\">\n\t\t\t\t\t<div class=\"elementor-column elementor-col-100 elementor-top-column elementor-element elementor-element-11a9616\" data-id=\"11a9616\" data-element_type=\"column\">\n\t\t\t<div class=\"elementor-column-wrap elementor-element-populated\">\n\t\t\t\t\t\t\t<div class=\"elementor-widget-wrap\">\n\t\t\t\t\t\t<div class=\"elementor-element elementor-element-0c3daaa elementor-widget elementor-widget-heading\" data-id=\"0c3daaa\" data-element_type=\"widget\" data-widget_type=\"heading.default\">\n\t\t\t\t<div class=\"elementor-widget-container\">\n\t\t\t<h2 class=\"elementor-heading-title elementor-size-default\">Les Amis du Ch\u00e2teau de Bourscheid<\/h2>\t\t<\/div>\n\t\t\t\t<\/div>\n\t\t\t\t<div class=\"elementor-element elementor-element-3a214e5 elementor-widget elementor-widget-text-editor\" data-id=\"3a214e5\" data-element_type=\"widget\" data-widget_type=\"text-editor.default\">\n\t\t\t\t<div class=\"elementor-widget-container\">\n\t\t\t\t\t\t\t\t<div class=\"elementor-text-editor elementor-clearfix\">\n\t\t\t\t\t<p>L&#8217;association &#8220;Les amis du ch\u00e2teau de Bourscheid&#8221; a.s.b.l. a \u00e9t\u00e9 fond\u00e9e en 1972. L&#8217;objectif principal de l&#8217;association est la pr\u00e9servation, l&#8217;am\u00e9lioration, la restauration et l&#8217;utilisation touristique des ruines du ch\u00e2teau de Bourscheid et la protection des villages environnants. De plus, l\u2019association organise des activit\u00e9s touristiques, culturelles, historiques, arch\u00e9ologiques, folkloriques et g\u00e9ographiques dans la r\u00e9gion de l\u2019ancienne domination de Bourscheid.<\/p><p><em>Registre de Commerce : F6138<\/em><\/p>\t\t\t\t\t<\/div>\n\t\t\t\t\t\t<\/div>\n\t\t\t\t<\/div>\n\t\t\t\t<section class=\"elementor-section elementor-inner-section elementor-element elementor-element-c79da1a elementor-section-boxed elementor-section-height-default elementor-section-height-default\" data-id=\"c79da1a\" data-element_type=\"section\">\n\t\t\t\t\t\t<div class=\"elementor-container elementor-column-gap-default\">\n\t\t\t\t\t\t\t<div class=\"elementor-row\">\n\t\t\t\t\t<div class=\"elementor-column elementor-col-50 elementor-inner-column elementor-element elementor-element-f55747f\" data-id=\"f55747f\" data-element_type=\"column\">\n\t\t\t<div class=\"elementor-column-wrap elementor-element-populated\">\n\t\t\t\t\t\t\t<div class=\"elementor-widget-wrap\">\n\t\t\t\t\t\t<div class=\"elementor-element elementor-element-68e633b elementor-widget elementor-widget-heading\" data-id=\"68e633b\" data-element_type=\"widget\" data-widget_type=\"heading.default\">\n\t\t\t\t<div class=\"elementor-widget-container\">\n\t\t\t<h3 class=\"elementor-heading-title elementor-size-default\">Le Conseil:<\/h3>\t\t<\/div>\n\t\t\t\t<\/div>\n\t\t\t\t<div class=\"elementor-element elementor-element-cb32cab elementor-widget elementor-widget-text-editor\" data-id=\"cb32cab\" data-element_type=\"widget\" data-widget_type=\"text-editor.default\">\n\t\t\t\t<div class=\"elementor-widget-container\">\n\t\t\t\t\t\t\t\t<div class=\"elementor-text-editor elementor-clearfix\">\n\t\t\t\t\t<table border=\"0\" align=\"center\"><tbody><tr><td><strong><em>Pr\u00e9sidente :<\/em><\/strong><\/td><td>Annie Nickels-Theis<\/td><\/tr><tr><td><strong><em>Vice pr\u00e9sident :<\/em><\/strong><\/td><td>John Feidt<\/td><\/tr><tr><td><strong><em>Secr\u00e9taire :<\/em><\/strong><\/td><td>Alain Weber<\/td><\/tr><tr><td><strong><em>Tr\u00e9sorier :<\/em><\/strong><\/td><td>Marco Van Maris<\/td><\/tr><tr><td><strong><em>Membres :<\/em><\/strong><\/td><td><p>Georges Kremer<br \/>Gaby Schneider<br \/>Guy Schreurs<br \/>Laurent Meyrer<br \/>Jo\u00eblle Weber<br \/>Liette Baatz<br \/>Annick Ansay<br \/>G\u00e9rard Schaul<br \/>Karin Urbany<br \/>Sacha Willems<\/p><\/td><\/tr><tr><td><strong><em>Reviseurs de caisse :<\/em><\/strong><\/td><td>Alice Koob-Glaesener<br \/>Monique Becker<\/td><\/tr><\/tbody><\/table>\t\t\t\t\t<\/div>\n\t\t\t\t\t\t<\/div>\n\t\t\t\t<\/div>\n\t\t\t\t\t\t<\/div>\n\t\t\t\t\t<\/div>\n\t\t<\/div>\n\t\t\t\t<div class=\"elementor-column elementor-col-50 elementor-inner-column elementor-element elementor-element-e77ef66\" data-id=\"e77ef66\" data-element_type=\"column\">\n\t\t\t<div class=\"elementor-column-wrap elementor-element-populated\">\n\t\t\t\t\t\t\t<div class=\"elementor-widget-wrap\">\n\t\t\t\t\t\t<div class=\"elementor-element elementor-element-2e536a1 elementor-widget elementor-widget-heading\" data-id=\"2e536a1\" data-element_type=\"widget\" data-widget_type=\"heading.default\">\n\t\t\t\t<div class=\"elementor-widget-container\">\n\t\t\t<h3 class=\"elementor-heading-title elementor-size-default\">Devenir membre<\/h3>\t\t<\/div>\n\t\t\t\t<\/div>\n\t\t\t\t<div class=\"elementor-element elementor-element-6f98739 elementor-widget elementor-widget-text-editor\" data-id=\"6f98739\" data-element_type=\"widget\" data-widget_type=\"text-editor.default\">\n\t\t\t\t<div class=\"elementor-widget-container\">\n\t\t\t\t\t\t\t\t<div class=\"elementor-text-editor elementor-clearfix\">\n\t\t\t\t\t<p>A l&#8217;occasion de son 50e anniversaire (d\u00e9j\u00e0), permettez-nous une petite excursion historique.<\/p><p>L&#8217;histoire du ch\u00e2teau de Bourscheid a commenc\u00e9 il y a plus de 1000 ans. Agrandi et fortifi\u00e9 plusieurs fois \u00e0 travers les si\u00e8cles, le fier ch\u00e2teau a finalement \u00e9t\u00e9 d\u00e9truite partiellement \u00e0 l&#8217;invasion des Fran\u00e7ais en 1794. Les ruines ont \u00e9t\u00e9 class\u00e9es &#8220;monument historique&#8221; en 1936. Laiss\u00e9es \u00e0 leur triste sort, elles ont finalement \u00e9t\u00e9 acquises par l&#8217;Etat en 1972.<\/p><p>A la m\u00eame ann\u00e9e est n\u00e9e l&#8217;Association &#8220;Les Amis du Ch\u00e2teau de Bourscheid&#8221;. En collaboration avec le Service des Sites et Monuments nationaux, l&#8217;association oeuvre pour la pr\u00e9servation, l&#8217;am\u00e9lioration, la restauration et l&#8217;utilisation touristique des ruines du ch\u00e2teau de Bourscheid. A cela s&#8217;ajoute l&#8217;organisation d&#8217;activit\u00e9s touristiques, culturelles, historiques, arch\u00e9ologiques et folkloriques dans la r\u00e9gion de l&#8217;ancienne domination de Bourscheid.<\/p><p>Vous avez la possibilit\u00e9 de soutenir les activit\u00e9s des Amis du Ch\u00e2teau, avec un versement\u00a0 d&#8217;une cotisation de votre choix sur le compte bancaire de l&#8217;association ci-dessous :<\/p><ul><li>Cotisation pour membre &#8220;effectif&#8221; :\u00a0\u00a0\u00a0\u00a0 \u00a0 \u00a0 15,00 Euro \/ Ann\u00e9e<\/li><li>Cotisation pour membre &#8220;protecteur&#8221; :\u00a0\u00a0 25,00 Euro \/ Ann\u00e9e<\/li><\/ul><p>En tant que membre effectif vous avez le droit de visiter le ch\u00e2teau-fort gratuitement.<\/p><p>En tant que membre protecteur vous pouvez vous faire accompagner par une deuxi\u00e8me personne gratuitement.<\/p><p>Pour soutenir les activit\u00e9s des Amis du Ch\u00e2teau, vous pouvez transf\u00e9rer la contribution de votre choix sur l&#8217;un de nos comptes ci-dessous (Amis du Ch\u00e2teau) et votre carte de membre vous sera envoy\u00e9e par courrier.<\/p><ul><li>BILLLULL &#8211; LU37 0021 1901 5808 1300<\/li><li>BILLLULL &#8211; LU06 0028 1120 1440 0000<\/li><li>CCPLLULL &#8211; LU78 1111 0000 9595 0000<\/li><\/ul>\t\t\t\t\t<\/div>\n\t\t\t\t\t\t<\/div>\n\t\t\t\t<\/div>\n\t\t\t\t\t\t<\/div>\n\t\t\t\t\t<\/div>\n\t\t<\/div>\n\t\t\t\t\t\t\t\t<\/div>\n\t\t\t\t\t<\/div>\n\t\t<\/section>\n\t\t\t\t\t\t<\/div>\n\t\t\t\t\t<\/div>\n\t\t<\/div>\n\t\t\t\t\t\t\t\t<\/div>\n\t\t\t\t\t<\/div>\n\t\t<\/section>\n\t\t\t\t\t\t<\/div>\n\t\t\t\t\t\t<\/div>\n\t\t\t\t\t<\/div>\n\t\t","protected":false},"excerpt":{"rendered":"<p>Les Amis du Ch\u00e2teau de Bourscheid L&#8217;association &#8220;Les amis du ch\u00e2teau de Bourscheid&#8221; a.s.b.l. a \u00e9t\u00e9 fond\u00e9e en 1972. L&#8217;objectif principal de l&#8217;association est la pr\u00e9servation, l&#8217;am\u00e9lioration, la restauration et l&#8217;utilisation touristique des ruines du ch\u00e2teau de Bourscheid et la protection des villages environnants. De plus, l\u2019association organise des activit\u00e9s touristiques, culturelles, historiques, arch\u00e9ologiques, folkloriques&nbsp;&hellip;<\/p>\n","protected":false},"author":1,"featured_media":0,"parent":0,"menu_order":0,"comment_status":"closed","ping_status":"closed","template":"","meta":[],"_links":{"self":[{"href":"https:\/\/www.castle-bourscheid.lu\/wp5\/wp-json\/wp\/v2\/pages\/723"}],"collection":[{"href":"https:\/\/www.castle-bourscheid.lu\/wp5\/wp-json\/wp\/v2\/pages"}],"about":[{"href":"https:\/\/www.castle-bourscheid.lu\/wp5\/wp-json\/wp\/v2\/types\/page"}],"author":[{"embeddable":true,"href":"https:\/\/www.castle-bourscheid.lu\/wp5\/wp-json\/wp\/v2\/users\/1"}],"replies":[{"embeddable":true,"href":"https:\/\/www.castle-bourscheid.lu\/wp5\/wp-json\/wp\/v2\/comments?post=723"}],"version-history":[{"count":47,"href":"https:\/\/www.castle-bourscheid.lu\/wp5\/wp-json\/wp\/v2\/pages\/723\/revisions"}],"predecessor-version":[{"id":4942,"href":"https:\/\/www.castle-bourscheid.lu\/wp5\/wp-json\/wp\/v2\/pages\/723\/revisions\/4942"}],"wp:attachment":[{"href":"https:\/\/www.castle-bourscheid.lu\/wp5\/wp-json\/wp\/v2\/media?parent=723"}],"curies":[{"name":"wp","href":"https:\/\/api.w.org\/{rel}","templated":true}]}}